{"id":564,"date":"2011-06-02T17:50:25","date_gmt":"2011-06-02T17:50:25","guid":{"rendered":"http:\/\/seidenpriester.wordpress.com\/?page_id=564"},"modified":"2017-01-29T00:20:33","modified_gmt":"2017-01-28T23:20:33","slug":"japan2010","status":"publish","type":"page","link":"http:\/\/www.seidenpriester.de\/?page_id=564","title":{"rendered":"Reise 4 (2010)"},"content":{"rendered":"<p><strong>Japan, die Vierte \u2013 Hokkaido, das MeckPom von Japan<\/strong><\/p>\n<p style=\"text-align: justify;\">Diese Reise hat <a title=\"Wikipedia - Hokkaido\" href=\"http:\/\/de.wikipedia.org\/wiki\/Hokkaido\">Hokkaido<\/a> zum Ziel, die n\u00f6rdlichste Insel. 83.000km^2, aber gerade einmal 5,5 Mio. Einwohner. Ein harter Kontrast zur Megacity <a title=\"Wikipedia - Tokyo\" href=\"http:\/\/de.wikipedia.org\/wiki\/Tokyo\">Tokyo<\/a> mit36 Millionen Einwohnern auf nur 13.500km^2 (Faktor 40). Hokkaido ist in Reisef\u00fchrern oft nur eine Randnotiz. Viele Bauwerke und historische Pl\u00e4tze gibt es auch nicht. Daf\u00fcr sehr viel Natur. Gef\u00fchlt ist 1\/3 von Hokkaido Nationalpark. Genau das richtige f\u00fcr die vierte Reise. \/ <em><span style=\"color: #888888;\">The aim of this journey is Hokkaido, the northernmost island of Japan. 83.000km^2 in size but only 5.5 million people. Tokyo has 36 million at a size of only 13.500km^2 (this is a faktor of 40). Hakkaido often is only a minor note in travel guides. There are no historic places and buildings but only nature. 1\/3 of Hokkaido is like a big national park. Just what I need right now.<\/span><\/em><\/p>\n<p style=\"text-align: center;\"><strong>Inhaltsverzeichnis<\/strong><br \/>\n2011-08-09\u00a0 &#8212;\u00a0 <a href=\"http:\/\/www.seidenpriester.de\/?p=1\">Beginn der Planung (Hello World)<\/a><br \/>\n2011-08-27\u00a0 &#8212;\u00a0 <a href=\"http:\/\/www.seidenpriester.de\/?p=67\">Tokyo (Koenji Awaodori)<\/a><br \/>\n2011-09-01\u00a0 &#8212;\u00a0 <a href=\"http:\/\/www.seidenpriester.de\/?p=84\">Saporro, Otaru, Yoichi, Toya<\/a><br \/>\n2011-09-07\u00a0 &#8212;\u00a0 <a href=\"http:\/\/www.seidenpriester.de\/?p=159\">Wakkanai, Rebun, Rishiri, Soyamisaki<\/a><br \/>\n2011-09-11\u00a0 &#8212;\u00a0 <a href=\"http:\/\/www.seidenpriester.de\/?p=182\">Sounkyo, Daisetsuzan, Kurodaki, Asahidake<\/a><br \/>\n2011-09-14\u00a0 &#8212;\u00a0 <a href=\"http:\/\/www.seidenpriester.de\/?p=194\">Hakodate (Burg, Berg, Altstadt, Festung)<\/a><br \/>\n2011-09-15\u00a0 &#8212;\u00a0 <a href=\"http:\/\/www.seidenpriester.de\/?p=196\">Hokutosei \/ zur\u00fcck in Tokyo<\/a><br \/>\n2011-09-19\u00a0 &#8212;\u00a0 <a href=\"http:\/\/www.seidenpriester.de\/?p=340\">Abreise und Fazit<\/a><\/p>\n<figure id=\"attachment_993\" aria-describedby=\"caption-attachment-993\" style=\"width: 600px\" class=\"wp-caption aligncenter\"><a href=\"http:\/\/seidenpriester.files.wordpress.com\/2011\/07\/hokkaido5.png\"><img loading=\"lazy\" decoding=\"async\" class=\"size-full wp-image-993\" title=\"Karte Hokkaido\" src=\"http:\/\/seidenpriester.files.wordpress.com\/2011\/07\/hokkaido5.png\" alt=\"Karte Hokkaido\" width=\"600\" height=\"600\" srcset=\"http:\/\/www.seidenpriester.de\/wp-content\/uploads\/2011\/07\/hokkaido5.png 1200w, http:\/\/www.seidenpriester.de\/wp-content\/uploads\/2011\/07\/hokkaido5-150x150.png 150w, http:\/\/www.seidenpriester.de\/wp-content\/uploads\/2011\/07\/hokkaido5-300x300.png 300w, http:\/\/www.seidenpriester.de\/wp-content\/uploads\/2011\/07\/hokkaido5-1024x1024.png 1024w\" sizes=\"(max-width: 600px) 100vw, 600px\" \/><\/a><figcaption id=\"caption-attachment-993\" class=\"wp-caption-text\">Karte Hokkaido mit Hotels und Tagesausfl\u00fcgen<\/figcaption><\/figure>\n<p style=\"text-align: justify;\"><strong>Kanji-Lexikon der besuchten Orte:<\/strong><br \/>\n<a href=\"http:\/\/seidenpriester.wordpress.com\/2010\/09\/01\/kyo-wa-tokyo-kara-sapporo-made-ikimasu-oder-kurz-standortwechsel\/\">Hokkaido<\/a> \u5317\u6d77\u9053, <a href=\"http:\/\/de.wikipedia.org\/wiki\/Sapporo\">Sapporo<\/a> \u672d\u5e4c, <a href=\"http:\/\/de.wikipedia.org\/wiki\/T%C5%8Dyako_%28Hokkaid%C5%8D%29\">Toyako<\/a> \u6d1e\u723a\u6e56, <a href=\"http:\/\/de.wikipedia.org\/wiki\/Otaru\">Otaru<\/a> \u5c0f\u6a3d, <a href=\"http:\/\/en.wikipedia.org\/wiki\/Yoichi\">Yoichi<\/a> \u4f59\u5e02, <a href=\"http:\/\/de.wikipedia.org\/wiki\/Wakkanai\">Wakkanai<\/a> \u7a1a\u5185, <a href=\"http:\/\/de.wikipedia.org\/wiki\/Soyamisaki\">Soya Miskaki<\/a> \u5b97\u8c37\u5cac, <a href=\"http:\/\/de.wikipedia.org\/wiki\/Rishiri_%28Insel%29\">Rishiri<\/a> \u5229\u5c3b\u5cf6, <a href=\"http:\/\/de.wikipedia.org\/wiki\/Rebun_%28Insel%29\">Rebun<\/a> \u793c\u6587\u5cf6, <a href=\"http:\/\/en.wikipedia.org\/wiki\/Sounkyo_Onsen\">Sounkyo Onsen<\/a> \u5c64\u96f2\u5ce1\u6e29\u6cc9, <a href=\"http:\/\/de.wikipedia.org\/wiki\/Daisetsuzan-Nationalpark\">Daisetsuzan-Nationalpark<\/a> \u5927\u96ea\u5c71\u56fd\u7acb\u516c\u5712, <a href=\"http:\/\/de.wikipedia.org\/wiki\/Hakodate\">Hakodate<\/a> \u51fd\u9928, <a href=\"http:\/\/de.wikipedia.org\/wiki\/Hokutosei\">Hokutosei<\/a> \u5317\u6597\u661f, <a href=\"http:\/\/de.wikipedia.org\/wiki\/Narita\">Narita<\/a> \u6210\u7530, <a href=\"http:\/\/de.wikipedia.org\/wiki\/Tokyo\">Tokyo<\/a> \u6771\u4eac<\/p>\n<p style=\"text-align: justify;\"><strong>Kanji-Lesekurs<\/strong> (oder: kun vs. on)<br \/>\nDie Kanjis von Hokkaido lesen sich einzeln: \u5317 (kita) &#8211; \u6d77 (umi) &#8211; \u9053 (michi). Setzt man sie zusammen \u00e4nder sich die Lesung auf: hoku &#8211; kai &#8211; dou. \/ <em><span style=\"color: #888888;\">The Kanji of Hokkaido are read in single: \u5317 (kita) &#8211; \u6d77 (umi) &#8211; \u9053 (michi). If you put them together they are read hoku &#8211; kai &#8211; dou.<\/span><\/em><\/p>\n","protected":false},"excerpt":{"rendered":"<p>Japan, die Vierte \u2013 Hokkaido, das MeckPom von Japan Diese Reise hat Hokkaido zum Ziel, die n\u00f6rdlichste Insel. 83.000km^2, aber gerade einmal 5,5 Mio. Einwohner. Ein harter Kontrast zur Megacity Tokyo mit36 Millionen Einwohnern auf nur 13.500km^2 (Faktor 40). Hokkaido ist in Reisef\u00fchrern oft nur eine Randnotiz. Viele Bauwerke und historische Pl\u00e4tze gibt es auch&hellip;<a href=\"http:\/\/www.seidenpriester.de\/?page_id=564\" class=\"more-link\">Continue reading <span class=\"screen-reader-text\">Reise 4 (2010)<\/span> <span class=\"meta-nav\">&rarr;<\/span><\/a><\/p>\n","protected":false},"author":1,"featured_media":13921,"parent":0,"menu_order":1,"comment_status":"open","ping_status":"open","template":"","meta":{"footnotes":""},"_links":{"self":[{"href":"http:\/\/www.seidenpriester.de\/index.php?rest_route=\/wp\/v2\/pages\/564"}],"collection":[{"href":"http:\/\/www.seidenpriester.de\/index.php?rest_route=\/wp\/v2\/pages"}],"about":[{"href":"http:\/\/www.seidenpriester.de\/index.php?rest_route=\/wp\/v2\/types\/page"}],"author":[{"embeddable":true,"href":"http:\/\/www.seidenpriester.de\/index.php?rest_route=\/wp\/v2\/users\/1"}],"replies":[{"embeddable":true,"href":"http:\/\/www.seidenpriester.de\/index.php?rest_route=%2Fwp%2Fv2%2Fcomments&post=564"}],"version-history":[{"count":0,"href":"http:\/\/www.seidenpriester.de\/index.php?rest_route=\/wp\/v2\/pages\/564\/revisions"}],"wp:featuredmedia":[{"embeddable":true,"href":"http:\/\/www.seidenpriester.de\/index.php?rest_route=\/wp\/v2\/media\/13921"}],"wp:attachment":[{"href":"http:\/\/www.seidenpriester.de\/index.php?rest_route=%2Fwp%2Fv2%2Fmedia&parent=564"}],"curies":[{"name":"wp","href":"https:\/\/api.w.org\/{rel}","templated":true}]}}